{"id":89,"date":"2023-11-30T11:53:25","date_gmt":"2023-11-30T11:53:25","guid":{"rendered":"https:\/\/franziska-lehmann.ch\/?page_id=89"},"modified":"2024-05-29T19:47:15","modified_gmt":"2024-05-29T19:47:15","slug":"kurse","status":"publish","type":"page","link":"https:\/\/franziska-lehmann.ch\/index.php\/kurse\/","title":{"rendered":"Stillvorbereitung"},"content":{"rendered":"\t\t<div data-elementor-type=\"wp-page\" data-elementor-id=\"89\" class=\"elementor elementor-89\">\n\t\t\t\t<div class=\"elementor-element elementor-element-02bcf93 e-flex e-con-boxed e-con e-parent\" data-id=\"02bcf93\" data-element_type=\"container\" data-e-type=\"container\">\n\t\t\t\t\t<div class=\"e-con-inner\">\n\t\t<div class=\"elementor-element elementor-element-e2c2750 e-con-full e-flex e-con e-child\" data-id=\"e2c2750\" data-element_type=\"container\" data-e-type=\"container\">\n\t\t\t\t<div class=\"elementor-element elementor-element-3aa3449 elementor-widget elementor-widget-text-editor\" data-id=\"3aa3449\" data-element_type=\"widget\" data-e-type=\"widget\" data-widget_type=\"text-editor.default\">\n\t\t\t\t<div class=\"elementor-widget-container\">\n\t\t\t\t\t\t\t\t\t<h3><span style=\"color: #ffffff;\">Still &#8211; Vorbereitung<\/span><\/h3><h6><span style=\"color: #ffffff;\">Sie sind schwanger und m\u00f6chten sich auf das Stillen Ihres Babys vorbereiten und mehr dar\u00fcber erfahren?<\/span><\/h6><h6><span style=\"color: #ffffff;\">Wenn Eltern vor der Geburt \u00fcber wichtige Still-Basics Bescheid wissen,\u00a0 kann dies f\u00fcr den Stillbeginn st\u00e4rkend und unterst\u00fctzend sein. Die Chance auf einen erfreulichen Stillstart nach der Geburt steigt.<\/span><\/h6><h6><span style=\"color: #ffffff;\">Empfehlung gegen Ende der Schwangerschaft (ca. 4-6 Wochen vor der Geburt).\u00a0<\/span><\/h6><ul><li><h6><span style=\"color: #ffffff;\">Still-Vorbereitung auf das erste Kind<\/span><\/h6><\/li><\/ul><ul><li><h6><span style=\"color: #ffffff;\">Still-Vorbereitung auf ein weiteres Kind:<\/span><\/h6><\/li><\/ul><h6><span style=\"color: #ffffff;\">wenn die vergangene Stillzeit als schmerzhaft und entt\u00e4uschend erlebt wurde. Dem Erlebten wird in Form eines R\u00fcckblicks (Schilderung der damaligen Situation, evtl. mit vorhandenen Unterlagen) nochmals Raum gegeben und die betreffenden Anteile gew\u00fcrdigt.\u00a0Gemeinsam legen wir danach den Focus auf den kommenden, neuen Stillbeginn.<\/span><\/h6><h6><span style=\"color: #ffffff;\"><strong>Dauer und Termine:<\/strong><\/span><\/h6><h6><span style=\"color: #ffffff; letter-spacing: 0px; font-family: var( --e-global-typography-text-font-family ), Sans-serif; font-weight: var( --e-global-typography-text-font-weight ); text-align: var(--text-align);\">Zwischen 1-2 Stunden.<\/span><\/h6><h6><span style=\"color: #ffffff; letter-spacing: 0px; font-family: var( --e-global-typography-text-font-family ), Sans-serif; font-weight: var( --e-global-typography-text-font-weight ); text-align: var(--text-align);\">Termine nach Vereinbarung.<\/span><\/h6><h6><span style=\"color: #ffffff; letter-spacing: 0px; font-family: var( --e-global-typography-text-font-family ), Sans-serif; font-weight: var( --e-global-typography-text-font-weight ); text-align: var(--text-align);\">Einzelberatung. Eine Begleitperson ist willkommen.\u00a0<\/span><\/h6>\t\t\t\t\t\t\t\t<\/div>\n\t\t\t\t<\/div>\n\t\t\t\t<div class=\"elementor-element elementor-element-c051737 elementor-invisible elementor-widget elementor-widget-button\" data-id=\"c051737\" data-element_type=\"widget\" data-e-type=\"widget\" data-settings=\"{&quot;_animation&quot;:&quot;fadeIn&quot;}\" data-widget_type=\"button.default\">\n\t\t\t\t<div class=\"elementor-widget-container\">\n\t\t\t\t\t\t\t\t\t<div class=\"elementor-button-wrapper\">\n\t\t\t\t\t<a class=\"elementor-button elementor-button-link elementor-size-sm elementor-animation-shrink\" href=\"https:\/\/franziska-lehmann.ch\/index.php\/kontakt\/\">\n\t\t\t\t\t\t<span class=\"elementor-button-content-wrapper\">\n\t\t\t\t\t\t\t\t\t<span class=\"elementor-button-text\">Kontakt<\/span>\n\t\t\t\t\t<\/span>\n\t\t\t\t\t<\/a>\n\t\t\t\t<\/div>\n\t\t\t\t\t\t\t\t<\/div>\n\t\t\t\t<\/div>\n\t\t\t\t<\/div>\n\t\t<div class=\"elementor-element elementor-element-b0869aa e-con-full e-flex e-con e-child\" data-id=\"b0869aa\" data-element_type=\"container\" data-e-type=\"container\">\n\t\t\t\t<div class=\"elementor-element elementor-element-585fd05 elementor-widget elementor-widget-text-editor\" data-id=\"585fd05\" data-element_type=\"widget\" data-e-type=\"widget\" data-widget_type=\"text-editor.default\">\n\t\t\t\t<div class=\"elementor-widget-container\">\n\t\t\t\t\t\t\t\t\t<h6><span style=\"color: #ffffff;\"><strong>Ort:<\/strong><\/span><\/h6><h6><span style=\"color: #ffffff;\">Praxisraum Heiden<\/span><\/h6><h6><span style=\"color: #ffffff;\">im Osteopathiezentrum Ostschweiz<\/span><\/h6><h6><span style=\"color: #ffffff;\">Werdstrasse 1a<\/span><\/h6><h6><span style=\"color: #ffffff;\">9410 Heiden<\/span><\/h6><h6><span style=\"color: #0000ff;\"><a style=\"color: #0000ff;\" href=\"https:\/\/maps.app.goo.gl\/CVx96p5mggQAFaEr6\" target=\"_blank\" rel=\"noopener\">Auf Google anzeigen<\/a><\/span><\/h6><h6><span style=\"color: #ffffff; letter-spacing: 0px; font-family: var( --e-global-typography-text-font-family ), Sans-serif; font-weight: var( --e-global-typography-text-font-weight ); text-align: var(--text-align);\">Hausbesuche und telefonische Beratung nach Absprache.<\/span><\/h6><h6>\u00a0<\/h6><h6><span style=\"color: #ffffff;\"><strong>Preise<\/strong><\/span><\/h6><h6><span style=\"color: #ffffff;\">Pro Stunde 85.- (wird im Rahmen einer Stillberatung mit der Krankenkasse abgerechnet).<\/span><\/h6><h6><span style=\"color: #ffffff;\">Die Krankenkassen verg\u00fcten insgesamt 3 Stillberatungen (vor\/nach der Geburt).<\/span><\/h6><h6><span style=\"color: #ffffff;\">Fragen Sie bei Ihrer Krankenkasse nach, ob eine Still-Vorbereitung im Schwangerschafts-Paket enthalten ist.<\/span><\/h6>\t\t\t\t\t\t\t\t<\/div>\n\t\t\t\t<\/div>\n\t\t\t\t<\/div>\n\t\t\t\t\t<\/div>\n\t\t\t\t<\/div>\n\t\t\t\t<\/div>\n\t\t","protected":false},"excerpt":{"rendered":"<p>Still &#8211; Vorbereitung Sie sind schwanger und m\u00f6chten sich auf das Stillen Ihres Babys vorbereiten und mehr dar\u00fcber erfahren? Wenn Eltern vor der Geburt \u00fcber wichtige Still-Basics Bescheid wissen,\u00a0 kann dies f\u00fcr den Stillbeginn st\u00e4rkend und unterst\u00fctzend sein. Die Chance auf einen erfreulichen Stillstart nach der Geburt steigt. Empfehlung gegen Ende der Schwangerschaft (ca. 4-6 Wochen vor der Geburt).\u00a0 Still-Vorbereitung auf das erste Kind Still-Vorbereitung auf ein weiteres Kind: wenn die vergangene Stillzeit als schmerzhaft und entt\u00e4uschend erlebt wurde. Dem Erlebten wird in Form eines R\u00fcckblicks (Schilderung der damaligen Situation, evtl. mit vorhandenen Unterlagen) nochmals Raum gegeben und die betreffenden Anteile gew\u00fcrdigt.\u00a0Gemeinsam legen wir danach den Focus auf den kommenden, neuen Stillbeginn. Dauer und Termine: Zwischen 1-2 Stunden. Termine nach Vereinbarung. Einzelberatung. Eine Begleitperson ist willkommen.\u00a0 Kontakt Ort: Praxisraum Heiden im Osteopathiezentrum Ostschweiz Werdstrasse 1a 9410 Heiden Auf Google anzeigen Hausbesuche und telefonische Beratung nach Absprache. \u00a0 Preise Pro Stunde 85.- (wird im Rahmen einer Stillberatung mit der Krankenkasse abgerechnet). Die Krankenkassen verg\u00fcten insgesamt 3 Stillberatungen (vor\/nach der Geburt). Fragen Sie bei Ihrer Krankenkasse nach, ob eine Still-Vorbereitung im Schwangerschafts-Paket enthalten ist.<\/p>\n","protected":false},"author":1,"featured_media":0,"parent":0,"menu_order":0,"comment_status":"closed","ping_status":"closed","template":"","meta":{"footnotes":""},"class_list":["post-89","page","type-page","status-publish","hentry"],"acf":[],"_links":{"self":[{"href":"https:\/\/franziska-lehmann.ch\/index.php\/wp-json\/wp\/v2\/pages\/89","targetHints":{"allow":["GET"]}}],"collection":[{"href":"https:\/\/franziska-lehmann.ch\/index.php\/wp-json\/wp\/v2\/pages"}],"about":[{"href":"https:\/\/franziska-lehmann.ch\/index.php\/wp-json\/wp\/v2\/types\/page"}],"author":[{"embeddable":true,"href":"https:\/\/franziska-lehmann.ch\/index.php\/wp-json\/wp\/v2\/users\/1"}],"replies":[{"embeddable":true,"href":"https:\/\/franziska-lehmann.ch\/index.php\/wp-json\/wp\/v2\/comments?post=89"}],"version-history":[{"count":104,"href":"https:\/\/franziska-lehmann.ch\/index.php\/wp-json\/wp\/v2\/pages\/89\/revisions"}],"predecessor-version":[{"id":1265,"href":"https:\/\/franziska-lehmann.ch\/index.php\/wp-json\/wp\/v2\/pages\/89\/revisions\/1265"}],"wp:attachment":[{"href":"https:\/\/franziska-lehmann.ch\/index.php\/wp-json\/wp\/v2\/media?parent=89"}],"curies":[{"name":"wp","href":"https:\/\/api.w.org\/{rel}","templated":true}]}}