{"id":367,"date":"2023-12-11T10:26:10","date_gmt":"2023-12-11T10:26:10","guid":{"rendered":"https:\/\/franziska-lehmann.ch\/?page_id=367"},"modified":"2023-12-29T16:07:21","modified_gmt":"2023-12-29T16:07:21","slug":"aeltere-stillkinder","status":"publish","type":"page","link":"https:\/\/franziska-lehmann.ch\/index.php\/aeltere-stillkinder\/","title":{"rendered":"Abstillberatung &#8211; Beschreibung"},"content":{"rendered":"\t\t<div data-elementor-type=\"wp-page\" data-elementor-id=\"367\" class=\"elementor elementor-367\">\n\t\t\t\t<div class=\"elementor-element elementor-element-3050fa8 e-flex e-con-boxed e-con e-parent\" data-id=\"3050fa8\" data-element_type=\"container\" data-e-type=\"container\">\n\t\t\t\t\t<div class=\"e-con-inner\">\n\t\t\t\t<div class=\"elementor-element elementor-element-659101c elementor-widget__width-initial elementor-widget elementor-widget-text-editor\" data-id=\"659101c\" data-element_type=\"widget\" data-e-type=\"widget\" data-widget_type=\"text-editor.default\">\n\t\t\t\t<div class=\"elementor-widget-container\">\n\t\t\t\t\t\t\t\t\t<h3><span style=\"color: #333333;\">Abstillberatung<\/span><\/h3><h6><span style=\"color: #333333;\">Ganz unabh\u00e4ngig vom Alter Ihres Kindes nehmen Sie war, dass sich das Stillen f\u00fcr Sie nicht mehr stimmig anf\u00fchlt und sie den Wunsch nach einer Ver\u00e4nderung sp\u00fcren.\u00a0<\/span><\/h6><h6><span style=\"color: #333333;\">Sie m\u00f6chten das Stillen reduzieren oder beenden und m\u00f6chten konkret vorgehen?\u00a0\u00a0<\/span><\/h6><h6><span style=\"color: #333333;\">Oder Sie m\u00f6chten in einem ersten Schritt Ihre Gedanken dazu frei \u00e4ussern und sich erst einmal in einem Beratungs-Gespr\u00e4ch an ein m\u00f6gliches Abstillen herantasten.\u00a0\u00a0<\/span><\/h6><h6><span style=\"color: #333333;\">W\u00e4hrend einer Abstill-Beratung bespreche ich mit Ihnen ein m\u00f6gliches, erstes Vorgehen auf verst\u00e4ndnisvolle Weise. Dabei lege ich viel Wert auf eine bindungsorientierte Abstill-Begleitung zwischen Ihnen und Ihrem Kind.\u00a0<\/span><\/h6><h6><span style=\"color: #333333;\">Ein sehr ausf\u00fchrlicher und differenzierter Artikel \u00fcber das Abstillen finden Sie hier: <span style=\"color: #0000ff;\"><a style=\"color: #0000ff;\" href=\"https:\/\/www.still-lexikon.de\/der-abstillprozess\/\" target=\"_blank\" rel=\"noopener\">Der Abstillprozess &#8211; Still-Lexikon<\/a><\/span><\/span><\/h6><h6><span style=\"color: #333333;\">Gerne berate und begleite ich Sie in Ihren Fragen und Anliegen rund um das Abstillen<\/span><\/h6>\t\t\t\t\t\t\t\t<\/div>\n\t\t\t\t<\/div>\n\t\t\t\t\t<\/div>\n\t\t\t\t<\/div>\n\t\t<div class=\"elementor-element elementor-element-a0d86ce e-flex e-con-boxed e-con e-parent\" data-id=\"a0d86ce\" data-element_type=\"container\" data-e-type=\"container\">\n\t\t\t\t\t<div class=\"e-con-inner\">\n\t\t\t\t<div class=\"elementor-element elementor-element-2248bc1 elementor-widget__width-initial elementor-invisible elementor-widget elementor-widget-button\" data-id=\"2248bc1\" data-element_type=\"widget\" data-e-type=\"widget\" data-settings=\"{&quot;_animation&quot;:&quot;fadeIn&quot;}\" data-widget_type=\"button.default\">\n\t\t\t\t<div class=\"elementor-widget-container\">\n\t\t\t\t\t\t\t\t\t<div class=\"elementor-button-wrapper\">\n\t\t\t\t\t<a class=\"elementor-button elementor-button-link elementor-size-sm elementor-animation-shrink\" href=\"https:\/\/franziska-lehmann.ch\/index.php\/kontakt\/\">\n\t\t\t\t\t\t<span class=\"elementor-button-content-wrapper\">\n\t\t\t\t\t\t\t\t\t<span class=\"elementor-button-text\">Kontakt<\/span>\n\t\t\t\t\t<\/span>\n\t\t\t\t\t<\/a>\n\t\t\t\t<\/div>\n\t\t\t\t\t\t\t\t<\/div>\n\t\t\t\t<\/div>\n\t\t\t\t\t<\/div>\n\t\t\t\t<\/div>\n\t\t\t\t<\/div>\n\t\t","protected":false},"excerpt":{"rendered":"<p>Abstillberatung Ganz unabh\u00e4ngig vom Alter Ihres Kindes nehmen Sie war, dass sich das Stillen f\u00fcr Sie nicht mehr stimmig anf\u00fchlt und sie den Wunsch nach einer Ver\u00e4nderung sp\u00fcren.\u00a0 Sie m\u00f6chten das Stillen reduzieren oder beenden und m\u00f6chten konkret vorgehen?\u00a0\u00a0 Oder Sie m\u00f6chten in einem ersten Schritt Ihre Gedanken dazu frei \u00e4ussern und sich erst einmal in einem Beratungs-Gespr\u00e4ch an ein m\u00f6gliches Abstillen herantasten.\u00a0\u00a0 W\u00e4hrend einer Abstill-Beratung bespreche ich mit Ihnen ein m\u00f6gliches, erstes Vorgehen auf verst\u00e4ndnisvolle Weise. Dabei lege ich viel Wert auf eine bindungsorientierte Abstill-Begleitung zwischen Ihnen und Ihrem Kind.\u00a0 Ein sehr ausf\u00fchrlicher und differenzierter Artikel \u00fcber das Abstillen finden Sie hier: Der Abstillprozess &#8211; Still-Lexikon Gerne berate und begleite ich Sie in Ihren Fragen und Anliegen rund um das Abstillen Kontakt<\/p>\n","protected":false},"author":1,"featured_media":0,"parent":0,"menu_order":1,"comment_status":"closed","ping_status":"closed","template":"","meta":{"footnotes":""},"class_list":["post-367","page","type-page","status-publish","hentry"],"acf":[],"_links":{"self":[{"href":"https:\/\/franziska-lehmann.ch\/index.php\/wp-json\/wp\/v2\/pages\/367","targetHints":{"allow":["GET"]}}],"collection":[{"href":"https:\/\/franziska-lehmann.ch\/index.php\/wp-json\/wp\/v2\/pages"}],"about":[{"href":"https:\/\/franziska-lehmann.ch\/index.php\/wp-json\/wp\/v2\/types\/page"}],"author":[{"embeddable":true,"href":"https:\/\/franziska-lehmann.ch\/index.php\/wp-json\/wp\/v2\/users\/1"}],"replies":[{"embeddable":true,"href":"https:\/\/franziska-lehmann.ch\/index.php\/wp-json\/wp\/v2\/comments?post=367"}],"version-history":[{"count":59,"href":"https:\/\/franziska-lehmann.ch\/index.php\/wp-json\/wp\/v2\/pages\/367\/revisions"}],"predecessor-version":[{"id":1178,"href":"https:\/\/franziska-lehmann.ch\/index.php\/wp-json\/wp\/v2\/pages\/367\/revisions\/1178"}],"wp:attachment":[{"href":"https:\/\/franziska-lehmann.ch\/index.php\/wp-json\/wp\/v2\/media?parent=367"}],"curies":[{"name":"wp","href":"https:\/\/api.w.org\/{rel}","templated":true}]}}