{"id":349,"date":"2023-12-11T10:18:17","date_gmt":"2023-12-11T10:18:17","guid":{"rendered":"https:\/\/franziska-lehmann.ch\/?page_id=349"},"modified":"2024-05-29T19:46:27","modified_gmt":"2024-05-29T19:46:27","slug":"stillen-und-schlafen","status":"publish","type":"page","link":"https:\/\/franziska-lehmann.ch\/index.php\/stillen-und-schlafen\/","title":{"rendered":"Stillen und Schlafen &#8211; Beschreibung"},"content":{"rendered":"\t\t<div data-elementor-type=\"wp-page\" data-elementor-id=\"349\" class=\"elementor elementor-349\">\n\t\t\t\t<div class=\"elementor-element elementor-element-c143785 e-flex e-con-boxed e-con e-parent\" data-id=\"c143785\" data-element_type=\"container\" data-e-type=\"container\">\n\t\t\t\t\t<div class=\"e-con-inner\">\n\t\t\t\t<div class=\"elementor-element elementor-element-f7cc3dc elementor-widget__width-initial elementor-widget elementor-widget-text-editor\" data-id=\"f7cc3dc\" data-element_type=\"widget\" data-e-type=\"widget\" data-widget_type=\"text-editor.default\">\n\t\t\t\t<div class=\"elementor-widget-container\">\n\t\t\t\t\t\t\t\t\t<h3><span style=\"color: #ffffff;\">Stillen und Schlafen<\/span><\/h3><h6><span style=\"color: #ffffff;\">Viele M\u00fctter nutzen das Stillen als ganz praktische M\u00f6glichkeit, das Baby sanft zum Schlafen zu bringen, da es oft der einfachste und entspannteste Weg ist. Diese Form des Einschlafens hat oftmals eine beruhigende Wirkung f\u00fcr die Mutter und ihr Kind.<\/span><\/h6><h6><span style=\"color: #ffffff;\">Die Schlafbed\u00fcrfnisse von Babys k\u00f6nnen sehr variieren und sich fortlaufend ver\u00e4ndern. Schlafen und Stillen beeinflussen sich gegenseitig und dazu haben Eltern oft eine ganze Menge Fragen.<\/span><\/h6><h6><span style=\"color: #ffffff;\">Gerne bespreche ich mit Ihnen Ihre Anliegen in einer Stillberatung.<\/span><\/h6>\t\t\t\t\t\t\t\t<\/div>\n\t\t\t\t<\/div>\n\t\t\t\t\t<\/div>\n\t\t\t\t<\/div>\n\t\t<div class=\"elementor-element elementor-element-3d40f04 e-flex e-con-boxed e-con e-parent\" data-id=\"3d40f04\" data-element_type=\"container\" data-e-type=\"container\">\n\t\t\t\t\t<div class=\"e-con-inner\">\n\t\t\t\t<div class=\"elementor-element elementor-element-b6150e8 elementor-widget__width-initial elementor-invisible elementor-widget elementor-widget-button\" data-id=\"b6150e8\" data-element_type=\"widget\" data-e-type=\"widget\" data-settings=\"{&quot;_animation&quot;:&quot;fadeIn&quot;}\" data-widget_type=\"button.default\">\n\t\t\t\t<div class=\"elementor-widget-container\">\n\t\t\t\t\t\t\t\t\t<div class=\"elementor-button-wrapper\">\n\t\t\t\t\t<a class=\"elementor-button elementor-button-link elementor-size-sm elementor-animation-shrink\" href=\"https:\/\/franziska-lehmann.ch\/index.php\/kontakt\/\">\n\t\t\t\t\t\t<span class=\"elementor-button-content-wrapper\">\n\t\t\t\t\t\t\t\t\t<span class=\"elementor-button-text\">Kontakt<\/span>\n\t\t\t\t\t<\/span>\n\t\t\t\t\t<\/a>\n\t\t\t\t<\/div>\n\t\t\t\t\t\t\t\t<\/div>\n\t\t\t\t<\/div>\n\t\t\t\t\t<\/div>\n\t\t\t\t<\/div>\n\t\t\t\t<\/div>\n\t\t","protected":false},"excerpt":{"rendered":"<p>Stillen und Schlafen Viele M\u00fctter nutzen das Stillen als ganz praktische M\u00f6glichkeit, das Baby sanft zum Schlafen zu bringen, da es oft der einfachste und entspannteste Weg ist. Diese Form des Einschlafens hat oftmals eine beruhigende Wirkung f\u00fcr die Mutter und ihr Kind. Die Schlafbed\u00fcrfnisse von Babys k\u00f6nnen sehr variieren und sich fortlaufend ver\u00e4ndern. Schlafen und Stillen beeinflussen sich gegenseitig und dazu haben Eltern oft eine ganze Menge Fragen. Gerne bespreche ich mit Ihnen Ihre Anliegen in einer Stillberatung. Kontakt<\/p>\n","protected":false},"author":1,"featured_media":0,"parent":0,"menu_order":0,"comment_status":"closed","ping_status":"closed","template":"","meta":{"footnotes":""},"class_list":["post-349","page","type-page","status-publish","hentry"],"acf":[],"_links":{"self":[{"href":"https:\/\/franziska-lehmann.ch\/index.php\/wp-json\/wp\/v2\/pages\/349","targetHints":{"allow":["GET"]}}],"collection":[{"href":"https:\/\/franziska-lehmann.ch\/index.php\/wp-json\/wp\/v2\/pages"}],"about":[{"href":"https:\/\/franziska-lehmann.ch\/index.php\/wp-json\/wp\/v2\/types\/page"}],"author":[{"embeddable":true,"href":"https:\/\/franziska-lehmann.ch\/index.php\/wp-json\/wp\/v2\/users\/1"}],"replies":[{"embeddable":true,"href":"https:\/\/franziska-lehmann.ch\/index.php\/wp-json\/wp\/v2\/comments?post=349"}],"version-history":[{"count":41,"href":"https:\/\/franziska-lehmann.ch\/index.php\/wp-json\/wp\/v2\/pages\/349\/revisions"}],"predecessor-version":[{"id":1262,"href":"https:\/\/franziska-lehmann.ch\/index.php\/wp-json\/wp\/v2\/pages\/349\/revisions\/1262"}],"wp:attachment":[{"href":"https:\/\/franziska-lehmann.ch\/index.php\/wp-json\/wp\/v2\/media?parent=349"}],"curies":[{"name":"wp","href":"https:\/\/api.w.org\/{rel}","templated":true}]}}