{"id":331,"date":"2023-12-11T09:53:29","date_gmt":"2023-12-11T09:53:29","guid":{"rendered":"https:\/\/franziska-lehmann.ch\/?page_id=331"},"modified":"2024-05-29T19:45:05","modified_gmt":"2024-05-29T19:45:05","slug":"stillberatung-detail","status":"publish","type":"page","link":"https:\/\/franziska-lehmann.ch\/index.php\/stillberatung-detail\/","title":{"rendered":"Stillberatung Detail"},"content":{"rendered":"\t\t<div data-elementor-type=\"wp-page\" data-elementor-id=\"331\" class=\"elementor elementor-331\">\n\t\t\t\t<div class=\"elementor-element elementor-element-7ebe41e e-flex e-con-boxed e-con e-parent\" data-id=\"7ebe41e\" data-element_type=\"container\" data-e-type=\"container\">\n\t\t\t\t\t<div class=\"e-con-inner\">\n\t\t<div class=\"elementor-element elementor-element-33ee553 e-con-full e-flex e-con e-child\" data-id=\"33ee553\" data-element_type=\"container\" data-e-type=\"container\">\n\t\t\t\t<div class=\"elementor-element elementor-element-d0edcd7 elementor-widget elementor-widget-text-editor\" data-id=\"d0edcd7\" data-element_type=\"widget\" data-e-type=\"widget\" data-widget_type=\"text-editor.default\">\n\t\t\t\t<div class=\"elementor-widget-container\">\n\t\t\t\t\t\t\t\t\t<h5><span style=\"color: #ffffff;\"><strong>M\u00f6gliche Gr\u00fcnde f\u00fcr eine Stillberatung: <\/strong><\/span><\/h5><ul><li><h6><span style=\"color: #ffffff;\">Das Stillen ist anstrengend \u2013 kaum Ruhepausen<\/span><\/h6><\/li><li><h6><span style=\"color: #ffffff;\">Das Stillen ist schmerzhaft<\/span><\/h6><\/li><li><h6><span style=\"color: #ffffff;\">Die Brustwarzen sind wund<\/span><\/h6><\/li><li><h6><span style=\"color: #ffffff;\">Unruhiges Trinken und Weinen an der Brust<\/span><\/h6><\/li><li><h6><span style=\"color: #ffffff;\">Das Baby \u00f6ffnet seinen Mund noch unzureichend<\/span><\/h6><\/li><li><h6><span style=\"color: #ffffff;\">Sorge \u00fcber zu wenig oder zu viel Milch<\/span><\/h6><\/li><li><h6><span style=\"color: #ffffff;\">Die Gewichtszunahme ist zu gering<\/span><\/h6><\/li><li><h6><span style=\"color: #ffffff;\">Ihr Baby muss zugef\u00fcttert werden \u2013 Sie m\u00f6chten Informationen, wie Sie das Stillen l\u00e4ngerfristig erhalten k\u00f6nnen<\/span><\/h6><\/li><li><h6><span style=\"color: #ffffff;\">Die Brust wird vom Baby (pl\u00f6tzlich) abgelehnt<\/span><\/h6><\/li><li><h6><span style=\"color: #ffffff;\">Das Baby klemmt oder beisst w\u00e4hrend dem Stillen<\/span><\/h6><\/li><li><h6><span style=\"color: #ffffff;\">Sie haben Fragen zum Abpumpen von Muttermilch<\/span><\/h6><\/li><li><h6><span style=\"color: #ffffff;\">Sie haben Fragen zum Stillen mit Brusth\u00fctchen<\/span><\/h6><\/li><li><h6><span style=\"color: #ffffff;\">Weiterstillen mit Einf\u00fchrung der Beikost<\/span><\/h6><\/li><li><h6><span style=\"color: #ffffff;\">Begleitung bei Brustentz\u00fcndung und Milchstau<\/span><\/h6><\/li><li><h6><span style=\"color: #ffffff;\">\u2026weitere Fragen zum Stillen und zur Muttermilch\u2026<\/span><\/h6><\/li><\/ul>\t\t\t\t\t\t\t\t<\/div>\n\t\t\t\t<\/div>\n\t\t\t\t<\/div>\n\t\t<div class=\"elementor-element elementor-element-5b92302 e-con-full e-flex e-con e-child\" data-id=\"5b92302\" data-element_type=\"container\" data-e-type=\"container\">\n\t\t\t\t<div class=\"elementor-element elementor-element-888a762 elementor-widget elementor-widget-text-editor\" data-id=\"888a762\" data-element_type=\"widget\" data-e-type=\"widget\" data-widget_type=\"text-editor.default\">\n\t\t\t\t<div class=\"elementor-widget-container\">\n\t\t\t\t\t\t\t\t\t<h6><span style=\"color: #ffffff;\"><strong><em>Das Stillen l\u00e4uft im Grunde gut&#8230;<\/em><\/strong><\/span><\/h6><h6><span style=\"color: #ffffff;\">und doch f\u00fchlt sich alles so neu und unbekannt an. Auch \u00c4usserungen aus dem Umfeld verunsichern manchmal. Sie w\u00fcnschen sich eine Einsch\u00e4tzung, damit Sie entspannt und mit Selbstvertrauen weiter stillen k\u00f6nnen.<\/span><\/h6><h6>\u00a0<\/h6><h6><span style=\"color: #ffffff;\"><strong>Preise<\/strong><\/span><\/h6><h6><span style=\"color: #ffffff;\">Die Grundversicherung jeder Krankenkasse bezahlt 3 Stillberatungen<\/span><\/h6><h6><span style=\"color: #ffffff;\">Eine Stillberatung :\u00a0 85.-\u00a0 (60 min)<\/span><\/h6><h6><span style=\"color: #ffffff;\">Eine Stillberatung dauert 1 Stunde \u2013 2 Stunden (nach vorg\u00e4ngiger Vereinbarung)<\/span><\/h6><h6><span style=\"color: #ffffff;\">Jede weitere Stillberatung: 85.-\u00a0 (pro 60 min)<\/span><\/h6><h6><span style=\"color: #ffffff;\">Anfordern eines \u00e4rztlichen Rezeptes nach Absprache<\/span><\/h6><h6><span style=\"color: #ffffff;\">Nicht von der Krankenkasse \u00fcbernommen und Ihnen in Rechnung gestellt werden:<\/span><\/h6><h6><span style=\"color: #ffffff;\">Telefonberatung: Fr. 13.- pro 10 Gespr\u00e4chsminuten<\/span><\/h6>\t\t\t\t\t\t\t\t<\/div>\n\t\t\t\t<\/div>\n\t\t\t\t<\/div>\n\t\t\t\t\t<\/div>\n\t\t\t\t<\/div>\n\t\t<div class=\"elementor-element elementor-element-aa6e989 e-con-full e-flex e-con e-parent\" data-id=\"aa6e989\" data-element_type=\"container\" data-e-type=\"container\">\n\t\t\t\t<div class=\"elementor-element elementor-element-c0ee1c0 elementor-align-center elementor-invisible elementor-widget elementor-widget-button\" data-id=\"c0ee1c0\" data-element_type=\"widget\" data-e-type=\"widget\" data-settings=\"{&quot;_animation&quot;:&quot;fadeIn&quot;}\" data-widget_type=\"button.default\">\n\t\t\t\t<div class=\"elementor-widget-container\">\n\t\t\t\t\t\t\t\t\t<div class=\"elementor-button-wrapper\">\n\t\t\t\t\t<a class=\"elementor-button elementor-button-link elementor-size-sm elementor-animation-shrink\" href=\"https:\/\/franziska-lehmann.ch\/index.php\/kontakt\/\">\n\t\t\t\t\t\t<span class=\"elementor-button-content-wrapper\">\n\t\t\t\t\t\t\t\t\t<span class=\"elementor-button-text\">Kontakt<\/span>\n\t\t\t\t\t<\/span>\n\t\t\t\t\t<\/a>\n\t\t\t\t<\/div>\n\t\t\t\t\t\t\t\t<\/div>\n\t\t\t\t<\/div>\n\t\t\t\t<\/div>\n\t\t<div class=\"elementor-element elementor-element-84d6de1 e-con-full e-flex e-con e-parent\" data-id=\"84d6de1\" data-element_type=\"container\" data-e-type=\"container\">\n\t\t\t\t<div class=\"elementor-element elementor-element-c6951ba elementor-widget elementor-widget-text-editor\" data-id=\"c6951ba\" data-element_type=\"widget\" data-e-type=\"widget\" data-widget_type=\"text-editor.default\">\n\t\t\t\t<div class=\"elementor-widget-container\">\n\t\t\t\t\t\t\t\t\t<h6><span style=\"color: #ffffff;\">Manchmal macht es Sinn, sich direkt an eine andere Fachperson zu wenden oder eine Zweitmeinung einzuholen. Dies w\u00fcrde ich mit Ihnen fr\u00fchzeitig besprechen. Ich kann auf ein weitreichendes Netz von kompetenten Fachpersonen in der Umgebung, z\u00e4hlen.<\/span><\/h6>\t\t\t\t\t\t\t\t<\/div>\n\t\t\t\t<\/div>\n\t\t\t\t<\/div>\n\t\t\t\t<\/div>\n\t\t","protected":false},"excerpt":{"rendered":"<p>M\u00f6gliche Gr\u00fcnde f\u00fcr eine Stillberatung: Das Stillen ist anstrengend \u2013 kaum Ruhepausen Das Stillen ist schmerzhaft Die Brustwarzen sind wund Unruhiges Trinken und Weinen an der Brust Das Baby \u00f6ffnet seinen Mund noch unzureichend Sorge \u00fcber zu wenig oder zu viel Milch Die Gewichtszunahme ist zu gering Ihr Baby muss zugef\u00fcttert werden \u2013 Sie m\u00f6chten Informationen, wie Sie das Stillen l\u00e4ngerfristig erhalten k\u00f6nnen Die Brust wird vom Baby (pl\u00f6tzlich) abgelehnt Das Baby klemmt oder beisst w\u00e4hrend dem Stillen Sie haben Fragen zum Abpumpen von Muttermilch Sie haben Fragen zum Stillen mit Brusth\u00fctchen Weiterstillen mit Einf\u00fchrung der Beikost Begleitung bei Brustentz\u00fcndung und Milchstau \u2026weitere Fragen zum Stillen und zur Muttermilch\u2026 Das Stillen l\u00e4uft im Grunde gut&#8230; und doch f\u00fchlt sich alles so neu und unbekannt an. Auch \u00c4usserungen aus dem Umfeld verunsichern manchmal. Sie w\u00fcnschen sich eine Einsch\u00e4tzung, damit Sie entspannt und mit Selbstvertrauen weiter stillen k\u00f6nnen. \u00a0 Preise Die Grundversicherung jeder Krankenkasse bezahlt 3 Stillberatungen Eine Stillberatung :\u00a0 85.-\u00a0 (60 min) Eine Stillberatung dauert 1 Stunde \u2013 2 Stunden (nach vorg\u00e4ngiger Vereinbarung) Jede weitere Stillberatung: 85.-\u00a0 (pro 60 min) Anfordern eines \u00e4rztlichen Rezeptes nach Absprache Nicht von der Krankenkasse \u00fcbernommen und Ihnen in Rechnung gestellt werden: Telefonberatung: Fr. 13.- pro 10 Gespr\u00e4chsminuten Kontakt Manchmal macht es Sinn, sich direkt an eine andere Fachperson zu wenden oder eine Zweitmeinung einzuholen. Dies w\u00fcrde ich mit Ihnen fr\u00fchzeitig besprechen. Ich kann auf ein weitreichendes Netz von kompetenten Fachpersonen in der Umgebung, z\u00e4hlen.<\/p>\n","protected":false},"author":1,"featured_media":0,"parent":0,"menu_order":0,"comment_status":"closed","ping_status":"closed","template":"","meta":{"footnotes":""},"class_list":["post-331","page","type-page","status-publish","hentry"],"acf":[],"_links":{"self":[{"href":"https:\/\/franziska-lehmann.ch\/index.php\/wp-json\/wp\/v2\/pages\/331","targetHints":{"allow":["GET"]}}],"collection":[{"href":"https:\/\/franziska-lehmann.ch\/index.php\/wp-json\/wp\/v2\/pages"}],"about":[{"href":"https:\/\/franziska-lehmann.ch\/index.php\/wp-json\/wp\/v2\/types\/page"}],"author":[{"embeddable":true,"href":"https:\/\/franziska-lehmann.ch\/index.php\/wp-json\/wp\/v2\/users\/1"}],"replies":[{"embeddable":true,"href":"https:\/\/franziska-lehmann.ch\/index.php\/wp-json\/wp\/v2\/comments?post=331"}],"version-history":[{"count":78,"href":"https:\/\/franziska-lehmann.ch\/index.php\/wp-json\/wp\/v2\/pages\/331\/revisions"}],"predecessor-version":[{"id":1256,"href":"https:\/\/franziska-lehmann.ch\/index.php\/wp-json\/wp\/v2\/pages\/331\/revisions\/1256"}],"wp:attachment":[{"href":"https:\/\/franziska-lehmann.ch\/index.php\/wp-json\/wp\/v2\/media?parent=331"}],"curies":[{"name":"wp","href":"https:\/\/api.w.org\/{rel}","templated":true}]}}