{"id":14,"date":"2023-11-28T05:44:06","date_gmt":"2023-11-28T05:44:06","guid":{"rendered":"https:\/\/franziska-lehmann.ch\/?page_id=14"},"modified":"2024-05-29T19:43:19","modified_gmt":"2024-05-29T19:43:19","slug":"stillberatung","status":"publish","type":"page","link":"https:\/\/franziska-lehmann.ch\/index.php\/stillberatung\/","title":{"rendered":"Stillberatung"},"content":{"rendered":"\t\t<div data-elementor-type=\"wp-page\" data-elementor-id=\"14\" class=\"elementor elementor-14\">\n\t\t\t\t<div class=\"elementor-element elementor-element-6c31502 e-flex e-con-boxed e-con e-parent\" data-id=\"6c31502\" data-element_type=\"container\" data-e-type=\"container\">\n\t\t\t\t\t<div class=\"e-con-inner\">\n\t\t<div class=\"elementor-element elementor-element-da40720 e-flex e-con-boxed e-con e-child\" data-id=\"da40720\" data-element_type=\"container\" data-e-type=\"container\">\n\t\t\t\t\t<div class=\"e-con-inner\">\n\t\t\t\t<div class=\"elementor-element elementor-element-6566eed elementor-widget__width-initial elementor-widget elementor-widget-text-editor\" data-id=\"6566eed\" data-element_type=\"widget\" data-e-type=\"widget\" data-widget_type=\"text-editor.default\">\n\t\t\t\t<div class=\"elementor-widget-container\">\n\t\t\t\t\t\t\t\t\t<h6><span style=\"color: #ffffff;\">Erfreulicherweise gelingen viele Stillbeziehungen spontan. Die Mutter und ihr Baby wachsen in die Erfahrung hinein, begleitet und unterst\u00fctzt vom Vater des Babys oder anderen vertrauten Menschen.<\/span><\/h6><h6><span style=\"color: #ffffff;\">Manchmal gibt es Schwierigkeiten oder H\u00fcrden beim Stillstart in den ersten Tagen oder Wochen nach der Geburt. Sehr oft k\u00f6nnen diese jedoch \u00fcberwunden werden. Manchmal treten m\u00f6gliche Herausforderungen beim Trinken an der Brust auch sp\u00e4ter auf.<\/span><\/h6><h6>\u00a0<\/h6><h6><span style=\"color: #ffffff;\">So wie es gerade ist &#8211; Sie und Ihr Kind sind willkommen.<\/span><\/h6><h6>\u00a0<\/h6><h6><span style=\"color: #ffffff;\">W\u00e4hrend einer Stillberatung nehmen wir uns die Zeit, Ihre Fragen und Anliegen anzuschauen. Gemeinsam finden wir heraus, welcher Weg f\u00fcr Sie passend und stimmig ist.<\/span><\/h6><h6>\u00a0<\/h6><h6><span style=\"color: #ffffff;\">Ich biete Stillberatungen f\u00fcr Eltern mit Babys und Kleinkindern an.<\/span><\/h6>\t\t\t\t\t\t\t\t<\/div>\n\t\t\t\t<\/div>\n\t\t\t\t\t<\/div>\n\t\t\t\t<\/div>\n\t\t<div class=\"elementor-element elementor-element-43555c1 e-con-full e-flex e-con e-child\" data-id=\"43555c1\" data-element_type=\"container\" data-e-type=\"container\">\n\t\t<div class=\"elementor-element elementor-element-bd6e9c1 e-con-full e-flex e-con e-child\" data-id=\"bd6e9c1\" data-element_type=\"container\" data-e-type=\"container\">\n\t\t\t\t<div class=\"elementor-element elementor-element-f5ce721 elementor-position-top elementor-widget elementor-widget-image-box\" data-id=\"f5ce721\" data-element_type=\"widget\" data-e-type=\"widget\" data-widget_type=\"image-box.default\">\n\t\t\t\t<div class=\"elementor-widget-container\">\n\t\t\t\t\t<div class=\"elementor-image-box-wrapper\"><figure class=\"elementor-image-box-img\"><a href=\"https:\/\/franziska-lehmann.ch\/index.php\/stillberatung-detail\/\" tabindex=\"-1\"><img fetchpriority=\"high\" decoding=\"async\" width=\"768\" height=\"1152\" src=\"https:\/\/franziska-lehmann.ch\/wp-content\/uploads\/2023\/12\/pexels-\u0430\u043d\u0430\u0441\u0442\u0430\u0441\u0438\u044f-\u0432\u043e\u0439\u0442\u043a\u043e-10956985-scaled.jpg\" class=\"elementor-animation-grow attachment-medium_large size-medium_large wp-image-147\" alt=\"\" srcset=\"https:\/\/franziska-lehmann.ch\/wp-content\/uploads\/2023\/12\/pexels-\u0430\u043d\u0430\u0441\u0442\u0430\u0441\u0438\u044f-\u0432\u043e\u0439\u0442\u043a\u043e-10956985-scaled.jpg 1707w, https:\/\/franziska-lehmann.ch\/wp-content\/uploads\/2023\/12\/pexels-\u0430\u043d\u0430\u0441\u0442\u0430\u0441\u0438\u044f-\u0432\u043e\u0439\u0442\u043a\u043e-10956985-200x300.jpg 200w, https:\/\/franziska-lehmann.ch\/wp-content\/uploads\/2023\/12\/pexels-\u0430\u043d\u0430\u0441\u0442\u0430\u0441\u0438\u044f-\u0432\u043e\u0439\u0442\u043a\u043e-10956985-683x1024.jpg 683w\" sizes=\"(max-width: 768px) 100vw, 768px\" \/><\/a><\/figure><div class=\"elementor-image-box-content\"><h4 class=\"elementor-image-box-title\"><a href=\"https:\/\/franziska-lehmann.ch\/index.php\/stillberatung-detail\/\">STILLBERATUNG<\/a><\/h4><p class=\"elementor-image-box-description\">Die Gr\u00fcnde f\u00fcr eine Stillberatung sind sehr vielf\u00e4ltig und sehr individuell. Mehr.............<\/p><\/div><\/div>\t\t\t\t<\/div>\n\t\t\t\t<\/div>\n\t\t\t\t<\/div>\n\t\t<div class=\"elementor-element elementor-element-e0bb775 e-con-full e-flex e-con e-child\" data-id=\"e0bb775\" data-element_type=\"container\" data-e-type=\"container\">\n\t\t\t\t<div class=\"elementor-element elementor-element-2186606 elementor-position-top elementor-widget elementor-widget-image-box\" data-id=\"2186606\" data-element_type=\"widget\" data-e-type=\"widget\" data-widget_type=\"image-box.default\">\n\t\t\t\t<div class=\"elementor-widget-container\">\n\t\t\t\t\t<div class=\"elementor-image-box-wrapper\"><figure class=\"elementor-image-box-img\"><a href=\"https:\/\/franziska-lehmann.ch\/index.php\/stillen-und-schlafen\" tabindex=\"-1\"><img decoding=\"async\" width=\"768\" height=\"986\" src=\"https:\/\/franziska-lehmann.ch\/wp-content\/uploads\/2023\/12\/iStock-888037488-cropped-768x986.jpg\" class=\"elementor-animation-grow attachment-medium_large size-medium_large wp-image-1043\" alt=\"\" srcset=\"https:\/\/franziska-lehmann.ch\/wp-content\/uploads\/2023\/12\/iStock-888037488-cropped-768x986.jpg 768w, https:\/\/franziska-lehmann.ch\/wp-content\/uploads\/2023\/12\/iStock-888037488-cropped-234x300.jpg 234w, https:\/\/franziska-lehmann.ch\/wp-content\/uploads\/2023\/12\/iStock-888037488-cropped-798x1024.jpg 798w, https:\/\/franziska-lehmann.ch\/wp-content\/uploads\/2023\/12\/iStock-888037488-cropped-1196x1536.jpg 1196w, https:\/\/franziska-lehmann.ch\/wp-content\/uploads\/2023\/12\/iStock-888037488-cropped-1140x1464.jpg 1140w, https:\/\/franziska-lehmann.ch\/wp-content\/uploads\/2023\/12\/iStock-888037488-cropped.jpg 1479w\" sizes=\"(max-width: 768px) 100vw, 768px\" \/><\/a><\/figure><div class=\"elementor-image-box-content\"><h4 class=\"elementor-image-box-title\"><a href=\"https:\/\/franziska-lehmann.ch\/index.php\/stillen-und-schlafen\">STILLEN UND SCHLAFEN<\/a><\/h4><p class=\"elementor-image-box-description\">Stillen und Schlafen sind h\u00e4ufig Schl\u00fcsselelemente in der Betreuung eines Babys und Kleinkindes. Mehr.............<\/p><\/div><\/div>\t\t\t\t<\/div>\n\t\t\t\t<\/div>\n\t\t\t\t<\/div>\n\t\t<div class=\"elementor-element elementor-element-bdf7c2f e-con-full e-flex e-con e-child\" data-id=\"bdf7c2f\" data-element_type=\"container\" data-e-type=\"container\">\n\t\t\t\t<div class=\"elementor-element elementor-element-7212afd elementor-position-top elementor-widget elementor-widget-image-box\" data-id=\"7212afd\" data-element_type=\"widget\" data-e-type=\"widget\" data-widget_type=\"image-box.default\">\n\t\t\t\t<div class=\"elementor-widget-container\">\n\t\t\t\t\t<div class=\"elementor-image-box-wrapper\"><figure class=\"elementor-image-box-img\"><a href=\"https:\/\/franziska-lehmann.ch\/index.php\/stillen-und-arbeiten-detail\" tabindex=\"-1\"><img decoding=\"async\" width=\"942\" height=\"1024\" src=\"https:\/\/franziska-lehmann.ch\/wp-content\/uploads\/2023\/12\/iStock-903018734-edited-942x1024.jpg\" class=\"elementor-animation-grow attachment-large size-large wp-image-1039\" alt=\"\" srcset=\"https:\/\/franziska-lehmann.ch\/wp-content\/uploads\/2023\/12\/iStock-903018734-edited-942x1024.jpg 942w, https:\/\/franziska-lehmann.ch\/wp-content\/uploads\/2023\/12\/iStock-903018734-edited-276x300.jpg 276w, https:\/\/franziska-lehmann.ch\/wp-content\/uploads\/2023\/12\/iStock-903018734-edited-768x835.jpg 768w, https:\/\/franziska-lehmann.ch\/wp-content\/uploads\/2023\/12\/iStock-903018734-edited-1413x1536.jpg 1413w, https:\/\/franziska-lehmann.ch\/wp-content\/uploads\/2023\/12\/iStock-903018734-edited-1884x2048.jpg 1884w, https:\/\/franziska-lehmann.ch\/wp-content\/uploads\/2023\/12\/iStock-903018734-edited-1140x1239.jpg 1140w\" sizes=\"(max-width: 942px) 100vw, 942px\" \/><\/a><\/figure><div class=\"elementor-image-box-content\"><h4 class=\"elementor-image-box-title\"><a href=\"https:\/\/franziska-lehmann.ch\/index.php\/stillen-und-arbeiten-detail\">STILLEN UND ARBEITEN<\/a><\/h4><p class=\"elementor-image-box-description\">Sie m\u00f6chten nach Ihrer Wiederaufnahme Ihrer beruflichen Arbeit gerne weiter stillen. Gerne unterst\u00fctze ich Sie darin. Mehr.............<\/p><\/div><\/div>\t\t\t\t<\/div>\n\t\t\t\t<\/div>\n\t\t\t\t<\/div>\n\t\t<div class=\"elementor-element elementor-element-3b141be e-con-full e-flex e-con e-child\" data-id=\"3b141be\" data-element_type=\"container\" data-e-type=\"container\">\n\t\t\t\t<div class=\"elementor-element elementor-element-8234ef9 elementor-position-top elementor-widget elementor-widget-image-box\" data-id=\"8234ef9\" data-element_type=\"widget\" data-e-type=\"widget\" data-widget_type=\"image-box.default\">\n\t\t\t\t<div class=\"elementor-widget-container\">\n\t\t\t\t\t<div class=\"elementor-image-box-wrapper\"><figure class=\"elementor-image-box-img\"><a href=\"https:\/\/franziska-lehmann.ch\/index.php\/stillberatung-detail\/aeltere-stillkinder\" tabindex=\"-1\"><img loading=\"lazy\" decoding=\"async\" width=\"768\" height=\"512\" src=\"https:\/\/franziska-lehmann.ch\/wp-content\/uploads\/2023\/12\/iStock-940134006-768x512.jpg\" class=\"elementor-animation-grow attachment-medium_large size-medium_large wp-image-872\" alt=\"Abstillberatung\" srcset=\"https:\/\/franziska-lehmann.ch\/wp-content\/uploads\/2023\/12\/iStock-940134006-768x512.jpg 768w, https:\/\/franziska-lehmann.ch\/wp-content\/uploads\/2023\/12\/iStock-940134006-300x200.jpg 300w, https:\/\/franziska-lehmann.ch\/wp-content\/uploads\/2023\/12\/iStock-940134006-1024x683.jpg 1024w, https:\/\/franziska-lehmann.ch\/wp-content\/uploads\/2023\/12\/iStock-940134006-1536x1024.jpg 1536w, https:\/\/franziska-lehmann.ch\/wp-content\/uploads\/2023\/12\/iStock-940134006-2048x1365.jpg 2048w\" sizes=\"(max-width: 768px) 100vw, 768px\" \/><\/a><\/figure><div class=\"elementor-image-box-content\"><h4 class=\"elementor-image-box-title\"><a href=\"https:\/\/franziska-lehmann.ch\/index.php\/stillberatung-detail\/aeltere-stillkinder\">ABSTILLBERATUNG<\/a><\/h4><p class=\"elementor-image-box-description\">Ganz Unabh\u00e4ngig vom Alter Ihres Kindes nehmen Sie wahr, dass sich das Stillen  nicht mehr stimmig anf\u00fchlt. Mehr.............<\/p><\/div><\/div>\t\t\t\t<\/div>\n\t\t\t\t<\/div>\n\t\t\t\t<\/div>\n\t\t\t\t<\/div>\n\t\t\t\t\t<\/div>\n\t\t\t\t<\/div>\n\t\t\t\t<\/div>\n\t\t","protected":false},"excerpt":{"rendered":"<p>Erfreulicherweise gelingen viele Stillbeziehungen spontan. Die Mutter und ihr Baby wachsen in die Erfahrung hinein, begleitet und unterst\u00fctzt vom Vater des Babys oder anderen vertrauten Menschen. Manchmal gibt es Schwierigkeiten oder H\u00fcrden beim Stillstart in den ersten Tagen oder Wochen nach der Geburt. Sehr oft k\u00f6nnen diese jedoch \u00fcberwunden werden. Manchmal treten m\u00f6gliche Herausforderungen beim Trinken an der Brust auch sp\u00e4ter auf. \u00a0 So wie es gerade ist &#8211; Sie und Ihr Kind sind willkommen. \u00a0 W\u00e4hrend einer Stillberatung nehmen wir uns die Zeit, Ihre Fragen und Anliegen anzuschauen. Gemeinsam finden wir heraus, welcher Weg f\u00fcr Sie passend und stimmig ist. \u00a0 Ich biete Stillberatungen f\u00fcr Eltern mit Babys und Kleinkindern an. STILLBERATUNG Die Gr\u00fcnde f\u00fcr eine Stillberatung sind sehr vielf\u00e4ltig und sehr individuell. Mehr&#8230;&#8230;&#8230;&#8230;. STILLEN UND SCHLAFEN Stillen und Schlafen sind h\u00e4ufig Schl\u00fcsselelemente in der Betreuung eines Babys und Kleinkindes. Mehr&#8230;&#8230;&#8230;&#8230;. STILLEN UND ARBEITEN Sie m\u00f6chten nach Ihrer Wiederaufnahme Ihrer beruflichen Arbeit gerne weiter stillen. Gerne unterst\u00fctze ich Sie darin. Mehr&#8230;&#8230;&#8230;&#8230;. ABSTILLBERATUNG Ganz Unabh\u00e4ngig vom Alter Ihres Kindes nehmen Sie wahr, dass sich das Stillen nicht mehr stimmig anf\u00fchlt. Mehr&#8230;&#8230;&#8230;&#8230;.<\/p>\n","protected":false},"author":1,"featured_media":0,"parent":0,"menu_order":0,"comment_status":"closed","ping_status":"closed","template":"elementor_header_footer","meta":{"footnotes":""},"class_list":["post-14","page","type-page","status-publish","hentry"],"acf":[],"_links":{"self":[{"href":"https:\/\/franziska-lehmann.ch\/index.php\/wp-json\/wp\/v2\/pages\/14","targetHints":{"allow":["GET"]}}],"collection":[{"href":"https:\/\/franziska-lehmann.ch\/index.php\/wp-json\/wp\/v2\/pages"}],"about":[{"href":"https:\/\/franziska-lehmann.ch\/index.php\/wp-json\/wp\/v2\/types\/page"}],"author":[{"embeddable":true,"href":"https:\/\/franziska-lehmann.ch\/index.php\/wp-json\/wp\/v2\/users\/1"}],"replies":[{"embeddable":true,"href":"https:\/\/franziska-lehmann.ch\/index.php\/wp-json\/wp\/v2\/comments?post=14"}],"version-history":[{"count":295,"href":"https:\/\/franziska-lehmann.ch\/index.php\/wp-json\/wp\/v2\/pages\/14\/revisions"}],"predecessor-version":[{"id":1250,"href":"https:\/\/franziska-lehmann.ch\/index.php\/wp-json\/wp\/v2\/pages\/14\/revisions\/1250"}],"wp:attachment":[{"href":"https:\/\/franziska-lehmann.ch\/index.php\/wp-json\/wp\/v2\/media?parent=14"}],"curies":[{"name":"wp","href":"https:\/\/api.w.org\/{rel}","templated":true}]}}